{"id":6,"date":"2016-11-08T14:50:16","date_gmt":"2016-11-08T13:50:16","guid":{"rendered":"http:\/\/lussia.ch\/?page_id=6"},"modified":"2022-02-15T12:47:03","modified_gmt":"2022-02-15T11:47:03","slug":"beratung","status":"publish","type":"page","link":"https:\/\/lussia.ch\/?page_id=6","title":{"rendered":"Beratung"},"content":{"rendered":"<div class=\"entry-content clearfix\">\n<h4 style=\"text-align: center;\"><span style=\"color: #ff00ff;\">Gerade zu Corona-Zeiten f\u00fchlen sich viele Menschen einsam und sehnen sich nach Begleitung. Kontaktieren Sie mich, damit wir gemeinsam L\u00f6sungen und Entscheide f\u00fcr Ihre Anliegen finden!<\/span><\/h4>\n<h4 style=\"text-align: center;\"><em><span style=\"text-decoration: underline;\"><span style=\"color: #800080;\"><strong><span style=\"font-size: medium;\">Angebot Beratungen<\/span><\/strong><\/span><\/span><\/em><\/h4>\n<ul>\n<li style=\"text-align: center;\"><strong><span style=\"color: #800080; font-size: medium;\">Beratung und Entscheidungshilfe mit dem Akronacle f\u00fcr pers\u00f6nliche und berufliche Fragen<br \/>\n<\/span><\/strong><\/li>\n<li style=\"text-align: center;\"><strong><span style=\"color: #800080; font-size: medium;\">&nbsp;Partnerschaftsberatung<\/span><\/strong><\/li>\n<li style=\"text-align: center;\"><strong><span style=\"color: #800080; font-size: medium;\">Familienberatung<\/span><\/strong><\/li>\n<li style=\"text-align: center;\"><strong><span style=\"color: #800080; font-size: medium;\">&nbsp;Kindererziehung<\/span><\/strong><\/li>\n<li style=\"text-align: center;\"><strong><span style=\"color: #800080; font-size: medium;\">Einzelberatungen f\u00fcr Menschen in einer Lebenskrise<\/span><\/strong><\/li>\n<li style=\"text-align: center;\"><strong><span style=\"color: #800080; font-size: medium;\">&nbsp;Trauerbegleitung<\/span><\/strong><\/li>\n<li style=\"text-align: center;\"><strong><span style=\"color: #800080; font-size: medium;\">schamanische Reisen<br \/>\n<\/span><\/strong><\/li>\n<\/ul>\n<p><img loading=\"lazy\" class=\"size-medium wp-image-83 aligncenter\" src=\"http:\/\/lussia.ch\/wp-content\/uploads\/2016\/11\/Waldweg-225x300.jpg\" alt=\"\" width=\"225\" height=\"300\" srcset=\"https:\/\/lussia.ch\/wp-content\/uploads\/2016\/11\/Waldweg-225x300.jpg 225w, https:\/\/lussia.ch\/wp-content\/uploads\/2016\/11\/Waldweg-768x1024.jpg 768w, https:\/\/lussia.ch\/wp-content\/uploads\/2016\/11\/Waldweg.jpg 1024w\" sizes=\"(max-width: 225px) 100vw, 225px\" \/><\/p>\n<p style=\"text-align: center;\">Es gibt immer einen Weg<\/p>\n<p><span style=\"color: #800080;\">Anmeldung f\u00fcr ein unverbindliches Erstgespr\u00e4ch<br \/>\n<\/span><\/p>\n<p><span style=\"color: #800080;\">Lussia Zaech<\/span><\/p>\n<p><a href=\"mailto:lussiazaech@bluewin.ch\">lussiazaech@bluewin.ch<\/a><\/p>\n<\/div>\n<p><iframe loading=\"lazy\"  id=\"_ytid_26720\"  width=\"540\" height=\"304\"  data-origwidth=\"540\" data-origheight=\"304\" src=\"https:\/\/www.youtube.com\/embed\/BBdsgEHXp_g?enablejsapi=1&#038;autoplay=0&#038;cc_load_policy=0&#038;cc_lang_pref=&#038;iv_load_policy=1&#038;loop=0&#038;modestbranding=0&#038;rel=1&#038;fs=1&#038;playsinline=0&#038;autohide=2&#038;theme=dark&#038;color=red&#038;controls=1&#038;\" class=\"__youtube_prefs__  epyt-is-override  no-lazyload\" title=\"YouTube player\"  allow=\"accelerometer; autoplay; clipboard-write; encrypted-media; gyroscope; picture-in-picture\" allowfullscreen data-no-lazy=\"1\" data-skipgform_ajax_framebjll=\"\"><\/iframe><\/p>\n","protected":false},"excerpt":{"rendered":"<p>Gerade zu Corona-Zeiten f\u00fchlen sich viele Menschen einsam und sehnen sich nach Begleitung. Kontaktieren Sie mich, damit wir gemeinsam L\u00f6sungen und Entscheide f\u00fcr Ihre Anliegen finden! Angebot Beratungen Beratung und Entscheidungshilfe mit dem Akronacle f\u00fcr pers\u00f6nliche und berufliche Fragen &nbsp;Partnerschaftsberatung <a class=\"more-link\" href=\"https:\/\/lussia.ch\/?page_id=6\">weiterlesen&#8230;<\/a><\/p>\n","protected":false},"author":1,"featured_media":630,"parent":0,"menu_order":2,"comment_status":"closed","ping_status":"closed","template":"","meta":[],"_links":{"self":[{"href":"https:\/\/lussia.ch\/index.php?rest_route=\/wp\/v2\/pages\/6"}],"collection":[{"href":"https:\/\/lussia.ch\/index.php?rest_route=\/wp\/v2\/pages"}],"about":[{"href":"https:\/\/lussia.ch\/index.php?rest_route=\/wp\/v2\/types\/page"}],"author":[{"embeddable":true,"href":"https:\/\/lussia.ch\/index.php?rest_route=\/wp\/v2\/users\/1"}],"replies":[{"embeddable":true,"href":"https:\/\/lussia.ch\/index.php?rest_route=%2Fwp%2Fv2%2Fcomments&post=6"}],"version-history":[{"count":35,"href":"https:\/\/lussia.ch\/index.php?rest_route=\/wp\/v2\/pages\/6\/revisions"}],"predecessor-version":[{"id":631,"href":"https:\/\/lussia.ch\/index.php?rest_route=\/wp\/v2\/pages\/6\/revisions\/631"}],"wp:featuredmedia":[{"embeddable":true,"href":"https:\/\/lussia.ch\/index.php?rest_route=\/wp\/v2\/media\/630"}],"wp:attachment":[{"href":"https:\/\/lussia.ch\/index.php?rest_route=%2Fwp%2Fv2%2Fmedia&parent=6"}],"curies":[{"name":"wp","href":"https:\/\/api.w.org\/{rel}","templated":true}]}}