{"id":241,"date":"2017-01-22T12:34:42","date_gmt":"2017-01-22T12:34:42","guid":{"rendered":"http:\/\/lussia.ch\/?page_id=241"},"modified":"2017-01-22T12:46:16","modified_gmt":"2017-01-22T12:46:16","slug":"lernberatung","status":"publish","type":"page","link":"https:\/\/lussia.ch\/?page_id=241","title":{"rendered":"Lernberatung"},"content":{"rendered":"<p><img loading=\"lazy\" class=\"alignnone size-medium wp-image-238\" src=\"http:\/\/lussia.ch\/wp-content\/uploads\/2017\/01\/Flyer-Lernbegleitung-001-216x300.jpg\" alt=\"\" width=\"216\" height=\"300\" srcset=\"https:\/\/lussia.ch\/wp-content\/uploads\/2017\/01\/Flyer-Lernbegleitung-001-216x300.jpg 216w, https:\/\/lussia.ch\/wp-content\/uploads\/2017\/01\/Flyer-Lernbegleitung-001-768x1065.jpg 768w, https:\/\/lussia.ch\/wp-content\/uploads\/2017\/01\/Flyer-Lernbegleitung-001-739x1024.jpg 739w, https:\/\/lussia.ch\/wp-content\/uploads\/2017\/01\/Flyer-Lernbegleitung-001.jpg 800w\" sizes=\"(max-width: 216px) 100vw, 216px\" \/> <img loading=\"lazy\" class=\"alignnone size-medium wp-image-239\" src=\"http:\/\/lussia.ch\/wp-content\/uploads\/2017\/01\/Flyer-Lernbegleitung-2-001-220x300.jpg\" alt=\"\" width=\"220\" height=\"300\" srcset=\"https:\/\/lussia.ch\/wp-content\/uploads\/2017\/01\/Flyer-Lernbegleitung-2-001-220x300.jpg 220w, https:\/\/lussia.ch\/wp-content\/uploads\/2017\/01\/Flyer-Lernbegleitung-2-001-768x1049.jpg 768w, https:\/\/lussia.ch\/wp-content\/uploads\/2017\/01\/Flyer-Lernbegleitung-2-001-749x1024.jpg 749w, https:\/\/lussia.ch\/wp-content\/uploads\/2017\/01\/Flyer-Lernbegleitung-2-001.jpg 800w\" sizes=\"(max-width: 220px) 100vw, 220px\" \/><\/p>\n<p><span style=\"color: #800080;\">Lernf\u00f6rderung und Vermitteln der deutschen Sprache f\u00fcr Kinder und Erwachsene<\/span><\/p>\n<p><span style=\"color: #800080;\">LERNEN &#8211; LEHREN &#8211; F\u00d6RDERN<\/span><\/p>\n<ul>\n<li><span style=\"color: #800080;\">die deutsche Sprache mit allen Sinnen erfahren<\/span><\/li>\n<li><span style=\"color: #800080;\">lernen in der Praxis<\/span><\/li>\n<li><span style=\"color: #800080;\">Zug\u00e4nge zur Lesef\u00e4higkeit er\u00f6ffnen<\/span><\/li>\n<li><span style=\"color: #800080;\">Rechtschreibung<\/span><\/li>\n<li><span style=\"color: #800080;\">entwickeln von Texten<\/span><\/li>\n<li><span style=\"color: #800080;\">Ressourcen finden und f\u00f6rdern<\/span><\/li>\n<\/ul>\n<p><span style=\"color: #800080;\">Ganzheitliche systemische Begleitung<\/span><\/p>\n<ul>\n<li><span style=\"color: #800080;\">im Schulalltag<\/span><\/li>\n<li><span style=\"color: #800080;\">im famili\u00e4ren Umfeld<\/span><\/li>\n<li><span style=\"color: #800080;\">st\u00e4rken der Pers\u00f6nlichkeit<\/span><\/li>\n<\/ul>\n<p>&nbsp;<\/p>\n<p>&nbsp;<\/p>\n","protected":false},"excerpt":{"rendered":"<p>Lernf\u00f6rderung und Vermitteln der deutschen Sprache f\u00fcr Kinder und Erwachsene LERNEN &#8211; LEHREN &#8211; F\u00d6RDERN die deutsche Sprache mit allen Sinnen erfahren lernen in der Praxis Zug\u00e4nge zur Lesef\u00e4higkeit er\u00f6ffnen Rechtschreibung entwickeln von Texten Ressourcen finden und f\u00f6rdern Ganzheitliche systemische <a class=\"more-link\" href=\"https:\/\/lussia.ch\/?page_id=241\">weiterlesen&#8230;<\/a><\/p>\n","protected":false},"author":1,"featured_media":238,"parent":6,"menu_order":0,"comment_status":"closed","ping_status":"closed","template":"","meta":[],"_links":{"self":[{"href":"https:\/\/lussia.ch\/index.php?rest_route=\/wp\/v2\/pages\/241"}],"collection":[{"href":"https:\/\/lussia.ch\/index.php?rest_route=\/wp\/v2\/pages"}],"about":[{"href":"https:\/\/lussia.ch\/index.php?rest_route=\/wp\/v2\/types\/page"}],"author":[{"embeddable":true,"href":"https:\/\/lussia.ch\/index.php?rest_route=\/wp\/v2\/users\/1"}],"replies":[{"embeddable":true,"href":"https:\/\/lussia.ch\/index.php?rest_route=%2Fwp%2Fv2%2Fcomments&post=241"}],"version-history":[{"count":3,"href":"https:\/\/lussia.ch\/index.php?rest_route=\/wp\/v2\/pages\/241\/revisions"}],"predecessor-version":[{"id":245,"href":"https:\/\/lussia.ch\/index.php?rest_route=\/wp\/v2\/pages\/241\/revisions\/245"}],"up":[{"embeddable":true,"href":"https:\/\/lussia.ch\/index.php?rest_route=\/wp\/v2\/pages\/6"}],"wp:featuredmedia":[{"embeddable":true,"href":"https:\/\/lussia.ch\/index.php?rest_route=\/wp\/v2\/media\/238"}],"wp:attachment":[{"href":"https:\/\/lussia.ch\/index.php?rest_route=%2Fwp%2Fv2%2Fmedia&parent=241"}],"curies":[{"name":"wp","href":"https:\/\/api.w.org\/{rel}","templated":true}]}}