{"id":2,"date":"2016-05-10T03:48:21","date_gmt":"2016-05-10T02:48:21","guid":{"rendered":"http:\/\/wp452m.a10-52-158-154.qa.plesk.ru\/wordpress\/?page_id=2"},"modified":"2021-01-31T14:26:27","modified_gmt":"2021-01-31T13:26:27","slug":"sample-page","status":"publish","type":"page","link":"https:\/\/lussia.ch\/?page_id=2","title":{"rendered":"2020"},"content":{"rendered":"\n<p class=\"has-text-align-left has-pale-pink-color has-text-color\"><\/p>\n\n\n\n<h3>Akron\/H.R. Giger: das besondere Tarot<\/h3>\n\n\n\n<p>Baphomet Tarot of the Underworld <strong>ISBN 978-3-906925-05-9<\/strong>: Das edle, silberfarbene Kartenset inkl. engl. booklet, als Set in box und\/oder in Erg\u00e4nzung zum deutschen Buch, begleitet dich in deinen Legungen in die tiefsten Winkel deiner Seele. Zu beziehen bei VAL Silberschnur, G\u00fcllesheim oder in jeder gutsortierten Buchhandlung. Siehe auch www.akron.ch<\/p>\n\n\n\n<div class=\"wp-block-image\"><figure class=\"aligncenter size-large is-resized\"><img loading=\"lazy\" src=\"https:\/\/lussia.ch\/wp-content\/uploads\/2020\/12\/Baphomet-Kartenset-VAL.jpg\" alt=\"\" class=\"wp-image-492\" width=\"278\" height=\"247\" srcset=\"https:\/\/lussia.ch\/wp-content\/uploads\/2020\/12\/Baphomet-Kartenset-VAL.jpg 954w, https:\/\/lussia.ch\/wp-content\/uploads\/2020\/12\/Baphomet-Kartenset-VAL-300x267.jpg 300w, https:\/\/lussia.ch\/wp-content\/uploads\/2020\/12\/Baphomet-Kartenset-VAL-768x684.jpg 768w\" sizes=\"(max-width: 278px) 100vw, 278px\" \/><figcaption>Baphomet, Tarot der Unterwelt &#8211; Akron\/H.R.Giger<\/figcaption><\/figure><\/div>\n\n\n\n<p><\/p>\n\n\n\n<p class=\"has-text-align-center has-vivid-red-color has-text-color\"><strong>Neuerscheinung<\/strong>: Die Goldenen und die Glocke am Ende der Zeit<\/p>\n\n\n\n<div class=\"wp-block-image\"><figure class=\"aligncenter is-resized\"><img loading=\"lazy\" src=\"https:\/\/lussia.ch\/wp-content\/uploads\/2020\/06\/Cover-die-Goldenen-HP-Lussia-719x1024.jpg\" alt=\"\" class=\"wp-image-456\" width=\"287\" height=\"409\" srcset=\"https:\/\/lussia.ch\/wp-content\/uploads\/2020\/06\/Cover-die-Goldenen-HP-Lussia-719x1024.jpg 719w, https:\/\/lussia.ch\/wp-content\/uploads\/2020\/06\/Cover-die-Goldenen-HP-Lussia-211x300.jpg 211w, https:\/\/lussia.ch\/wp-content\/uploads\/2020\/06\/Cover-die-Goldenen-HP-Lussia-768x1093.jpg 768w, https:\/\/lussia.ch\/wp-content\/uploads\/2020\/06\/Cover-die-Goldenen-HP-Lussia.jpg 800w\" sizes=\"(max-width: 287px) 100vw, 287px\" \/><\/figure><\/div>\n\n\n\n<p class=\"has-vivid-red-color has-text-color\"><strong>Akron\/Arjun: Die <em>Goldenen<\/em>\nund die <em>Glocke<\/em> am Ende der Zeit \u2013 Die ewige Reise bis hin zum Nicht-Ort\ndes Unnennbaren<\/strong><\/p>\n\n\n\n<p>Eine\nphantastisch philosophische Fiction, mit der zentralen Frage: \u201eSind wir Quelle\noder Gesang?\u201c<\/p>\n\n\n\n<p>Altes\nWissen \u00fcber das Sterben, Ausblicke auf m\u00f6gliche \u201eZuk\u00fcnfte\u201c der Menschheit,\npharmakologische Visionen und eine vers\u00f6hnliche Poesie mit dem Schicksal.\nBeinahe bis zum letzten Atemzug arbeiteten die beiden Autoren an dem\nschicksalhaften Buch von Lille-eh und den Goldenen.<\/p>\n\n\n\n<p>Der Autor Akron verstarb wenige Tage nach der Beendigung der Geschichte und wurde somit ein Teil von ihr.<\/p>\n\n\n\n<p> ISBN 978-3-906925-09-7 Euro 22,90 <\/p>\n\n\n\n<div class=\"wp-block-image\"><figure class=\"aligncenter is-resized\"><img loading=\"lazy\" src=\"https:\/\/lussia.ch\/wp-content\/uploads\/2020\/02\/20200114_170258-1024x768.jpg\" alt=\"\" class=\"wp-image-446\" width=\"471\" height=\"353\" srcset=\"https:\/\/lussia.ch\/wp-content\/uploads\/2020\/02\/20200114_170258-1024x768.jpg 1024w, https:\/\/lussia.ch\/wp-content\/uploads\/2020\/02\/20200114_170258-300x225.jpg 300w, https:\/\/lussia.ch\/wp-content\/uploads\/2020\/02\/20200114_170258-768x576.jpg 768w\" sizes=\"(max-width: 471px) 100vw, 471px\" \/><figcaption>Fernweh&#8230;<\/figcaption><\/figure><\/div>\n\n\n\n<p class=\"has-text-align-center\">Einmal eine Reise ins Ungewisse zu unternehmen, vielleicht mit jemandem, zu dem du ein tiefes Vertrauen hast. Zusammen neue Welten entdecken und dabei neue Wesensanteile in DIR kennen lernen! Ich w\u00fcnsche dir Mut dazu und ein ganz wenig &#8222;Abenteuergeist&#8220; \ud83d\ude42<\/p>\n\n\n\n<figure class=\"wp-block-embed is-type-video is-provider-youtube wp-block-embed-youtube wp-embed-aspect-16-9 wp-has-aspect-ratio\"><div class=\"wp-block-embed__wrapper\">\n<iframe loading=\"lazy\"  id=\"_ytid_48769\"  width=\"540\" height=\"304\"  data-origwidth=\"540\" data-origheight=\"304\" src=\"https:\/\/www.youtube.com\/embed\/BBdsgEHXp_g?enablejsapi=1&#038;autoplay=0&#038;cc_load_policy=0&#038;cc_lang_pref=&#038;iv_load_policy=1&#038;loop=0&#038;modestbranding=0&#038;rel=1&#038;fs=1&#038;playsinline=0&#038;autohide=2&#038;theme=dark&#038;color=red&#038;controls=1&#038;\" class=\"__youtube_prefs__  epyt-is-override  no-lazyload\" title=\"YouTube player\"  allow=\"accelerometer; autoplay; clipboard-write; encrypted-media; gyroscope; picture-in-picture\" allowfullscreen data-no-lazy=\"1\" data-skipgform_ajax_framebjll=\"\"><\/iframe>\n<\/div><\/figure>\n\n\n\n<figure class=\"wp-block-gallery columns-1 is-cropped\"><ul class=\"blocks-gallery-grid\"><li class=\"blocks-gallery-item\"><figure><img loading=\"lazy\" width=\"1008\" height=\"756\" src=\"http:\/\/lussia.ch\/wp-content\/uploads\/2019\/10\/Sonnenuntergang-f\u00fcr-homepage-1.jpg\" alt=\"\" data-id=\"416\" data-link=\"http:\/\/lussia.ch\/?attachment_id=416#main\" class=\"wp-image-416\" srcset=\"https:\/\/lussia.ch\/wp-content\/uploads\/2019\/10\/Sonnenuntergang-f\u00fcr-homepage-1.jpg 1008w, https:\/\/lussia.ch\/wp-content\/uploads\/2019\/10\/Sonnenuntergang-f\u00fcr-homepage-1-300x225.jpg 300w, https:\/\/lussia.ch\/wp-content\/uploads\/2019\/10\/Sonnenuntergang-f\u00fcr-homepage-1-768x576.jpg 768w\" sizes=\"(max-width: 1008px) 100vw, 1008px\" \/><\/figure><\/li><\/ul><\/figure>\n\n\n\n<p>Die Tage werden k\u00fcrzer &#8211; auf der seelischen Ebene geht der Weg nach innen, mit der Idee, sich besser kennen zu lernen und allein oder mit Begleitung die ganz versteckten R\u00e4ume in den seelischen Brunnenstuben aufzusp\u00fcren&#8230;<\/p>\n\n\n\n<figure class=\"wp-block-embed is-type-video is-provider-youtube wp-block-embed-youtube wp-embed-aspect-16-9 wp-has-aspect-ratio\"><div class=\"wp-block-embed__wrapper\">\n<iframe loading=\"lazy\"  id=\"_ytid_92810\"  width=\"540\" height=\"304\"  data-origwidth=\"540\" data-origheight=\"304\" src=\"https:\/\/www.youtube.com\/embed\/wF9kL2cO5FQ?enablejsapi=1&#038;autoplay=0&#038;cc_load_policy=0&#038;cc_lang_pref=&#038;iv_load_policy=1&#038;loop=0&#038;modestbranding=0&#038;rel=1&#038;fs=1&#038;playsinline=0&#038;autohide=2&#038;theme=dark&#038;color=red&#038;controls=1&#038;\" class=\"__youtube_prefs__  epyt-is-override  no-lazyload\" title=\"YouTube player\"  allow=\"accelerometer; autoplay; clipboard-write; encrypted-media; gyroscope; picture-in-picture\" allowfullscreen data-no-lazy=\"1\" data-skipgform_ajax_framebjll=\"\"><\/iframe>\n<\/div><figcaption>Sad Freedom: man realisiert erst, wie wichtig ein Mensch f\u00fcr uns ist, wenn diesem etwas zust\u00f6sst oder er seinen irdischen K\u00f6rper ganz verl\u00e4sst&#8230;<\/figcaption><\/figure>\n\n\n<h4><strong><span style=\"color: #000080;\"><em>Die Neuauflage<\/em> &#8222;Das Astrologie-Handbuch&#8220; ist erschienen!!! Es ist seit 1995 das umfassende Standardwerk zur Astrologie und f\u00fcr jeden astrologisch Interessierten das unentbehrliche Werkzeug!<\/span><\/strong><\/h4>\n<p><\/p>\n<h5><img loading=\"lazy\" class=\"alignnone size-medium wp-image-463 aligncenter\" src=\"https:\/\/lussia.ch\/wp-content\/uploads\/2020\/10\/Astrolog.HB-cover-hochglanz-e1612099468190-216x300.jpg\" alt=\"\" width=\"216\" height=\"300\" srcset=\"https:\/\/lussia.ch\/wp-content\/uploads\/2020\/10\/Astrolog.HB-cover-hochglanz-e1612099468190-216x300.jpg 216w, https:\/\/lussia.ch\/wp-content\/uploads\/2020\/10\/Astrolog.HB-cover-hochglanz-e1612099468190.jpg 516w\" sizes=\"(max-width: 216px) 100vw, 216px\" \/><\/h5>\n<h5>&nbsp;<\/h5>\n<h5>Seminardaten:<\/h5>\n<p><span style=\"color: #ff00ff;\">Als Seminarleiterin stelle ich mich gerne auf Einladung zur Verf\u00fcgung mit Themen zur <strong>Selbsterkenntnis<\/strong> und <strong>Bewusstseinsentwicklung<\/strong> wie <em>Arbeit am eigenen Schatten, Selbstwert\/Selbstliebe,<\/em> <em>Kontakt zum inneren Kind, Abschied und trauern, schamanisch reisen, Absichten, Wahrnehmung, Das &#8222;Akronacle, die 3-dimensionale Lebensb\u00fchne&#8220;,<\/em> <em>Freude in der Partnerschaft,<\/em> <em>das Leben mit Kindern<\/em>, <em>meinen Alltag kraftvoll gestalten<\/em>, oder was immer Sie interessiert&#8230;<\/span><\/p>\n<h5>&nbsp;<\/h5>\n<h6>&nbsp;<\/h6>\n<p><\/p>\n\n\n<p class=\"has-text-align-center has-pale-pink-color has-text-color\"><\/p>\n","protected":false},"excerpt":{"rendered":"<p>Akron\/H.R. Giger: das besondere Tarot Baphomet Tarot of the Underworld ISBN 978-3-906925-05-9: Das edle, silberfarbene Kartenset inkl. engl. booklet, als Set in box und\/oder in Erg\u00e4nzung zum deutschen Buch, begleitet dich in deinen Legungen in die tiefsten Winkel deiner Seele. <a class=\"more-link\" href=\"https:\/\/lussia.ch\/?page_id=2\">weiterlesen&#8230;<\/a><\/p>\n","protected":false},"author":1,"featured_media":503,"parent":28,"menu_order":5,"comment_status":"closed","ping_status":"closed","template":"","meta":[],"_links":{"self":[{"href":"https:\/\/lussia.ch\/index.php?rest_route=\/wp\/v2\/pages\/2"}],"collection":[{"href":"https:\/\/lussia.ch\/index.php?rest_route=\/wp\/v2\/pages"}],"about":[{"href":"https:\/\/lussia.ch\/index.php?rest_route=\/wp\/v2\/types\/page"}],"author":[{"embeddable":true,"href":"https:\/\/lussia.ch\/index.php?rest_route=\/wp\/v2\/users\/1"}],"replies":[{"embeddable":true,"href":"https:\/\/lussia.ch\/index.php?rest_route=%2Fwp%2Fv2%2Fcomments&post=2"}],"version-history":[{"count":57,"href":"https:\/\/lussia.ch\/index.php?rest_route=\/wp\/v2\/pages\/2\/revisions"}],"predecessor-version":[{"id":547,"href":"https:\/\/lussia.ch\/index.php?rest_route=\/wp\/v2\/pages\/2\/revisions\/547"}],"up":[{"embeddable":true,"href":"https:\/\/lussia.ch\/index.php?rest_route=\/wp\/v2\/pages\/28"}],"wp:featuredmedia":[{"embeddable":true,"href":"https:\/\/lussia.ch\/index.php?rest_route=\/wp\/v2\/media\/503"}],"wp:attachment":[{"href":"https:\/\/lussia.ch\/index.php?rest_route=%2Fwp%2Fv2%2Fmedia&parent=2"}],"curies":[{"name":"wp","href":"https:\/\/api.w.org\/{rel}","templated":true}]}}