{"id":16,"date":"2016-11-08T14:54:20","date_gmt":"2016-11-08T14:54:20","guid":{"rendered":"http:\/\/lussia.ch\/?page_id=16"},"modified":"2018-05-20T15:14:27","modified_gmt":"2018-05-20T15:14:27","slug":"impressum","status":"publish","type":"page","link":"https:\/\/lussia.ch\/?page_id=16","title":{"rendered":"Impressum"},"content":{"rendered":"<h4 class=\"title\" style=\"text-align: justify;\"><span class=\"subtitle page\" style=\"color: #800080;\">www.lussia.ch ist ein Angebot von Luzia Zaech, Athrum Praxis f\u00fcr Bewusstseinsentwicklung<\/span><\/h4>\n<p style=\"text-align: justify;\"><span style=\"color: #800080;\">Ich freue mich \u00fcber Ihren Besuch auf meiner Webseite und Ihr Interesse an meinen Angeboten<\/span><\/p>\n<p style=\"text-align: justify;\"><span style=\"color: #800080;\">Kontakt | Verantwortlich f\u00fcr den Inhalt<\/span><\/p>\n<p style=\"text-align: justify;\"><span style=\"color: #800080;\">Luzia Zaech, Seestr. 72 D, CH-9320 Arbon<\/span><\/p>\n<p style=\"text-align: justify;\"><span style=\"color: #800080;\">Tel. 0041\u00a079 410 88 89<\/span><br \/>\n<span style=\"color: #800080;\"> eMail:\u00a0lussiazaech@bluewin.ch<\/span><\/p>\n<p style=\"text-align: justify;\"><span style=\"color: #800080;\">Rechtliche Hinweise<\/span><\/p>\n<h4 style=\"text-align: justify;\"><span style=\"color: #800080;\">Haftungshinweise | Haftungsausschluss<\/span><\/h4>\n<p style=\"text-align: justify;\"><span style=\"color: #800080;\">Dieser Haftungsausschluss ist als Teil des Internetangebotes zu betrachten, von dem aus auf diese Seite verwiesen wurde. Sofern Teile oder einzelne Formulierungen dieses Textes der geltenden Rechtslage nicht, nicht mehr oder nicht vollst\u00e4ndig entsprechen sollten, bleiben die \u00fcbrigen Teile des Dokumentes in ihrem Inhalt und ihrer G\u00fcltigkeit davon unber\u00fchrt.<\/span><\/p>\n<h4 style=\"text-align: justify;\"><span style=\"color: #800080;\">Haftung f\u00fcr Inhalte<\/span><\/h4>\n<p style=\"text-align: justify;\"><span style=\"color: #800080;\">Die Inhalte unserer Seiten wurden mit gr\u00f6\u00dfter Sorgfalt erstellt. F\u00fcr die Richtigkeit, Vollst\u00e4ndigkeit und Aktualit\u00e4t der Inhalte k\u00f6nnen wir jedoch keine Gew\u00e4hr \u00fcbernehmen. Als Diensteanbieter sind wir gem\u00e4\u00df \u00a7 7 Abs.1 TMG f\u00fcr eigene Inhalte auf diesen Seiten nach den allgemeinen Gesetzen verantwortlich. Nach \u00a7\u00a7 8 bis 10 TMG sind wir als Diensteanbieter jedoch nicht verpflichtet, \u00fcbermittelte oder gespeicherte fremde Informationen zu \u00fcberwachen oder nach Umst\u00e4nden zu forschen, die auf eine rechtswidrige T\u00e4tigkeit hinweisen. Verpflichtungen zur Entfernung oder Sperrung der Nutzung von Informationen nach den allgemeinen Gesetzen bleiben hiervon unber\u00fchrt. Eine diesbez\u00fcgliche Haftung ist jedoch erst ab dem Zeitpunkt der Kenntnis einer konkreten Rechtsverletzung m\u00f6glich. Bei Bekanntwerden von entsprechenden Rechtsverletzungen werden wir diese Inhalte umgehend entfernen.<\/span><\/p>\n<h4 style=\"text-align: justify;\"><span style=\"color: #800080;\">Haftung f\u00fcr Links<\/span><\/h4>\n<p style=\"text-align: justify;\"><span style=\"color: #800080;\">Unser Angebot enth\u00e4lt Links zu externen Webseiten Dritter, auf deren Inhalte wir keinen Einfluss haben. Deshalb k\u00f6nnen wir f\u00fcr diese fremden Inhalte auch keine Gew\u00e4hr \u00fcbernehmen. F\u00fcr die Inhalte der verlinkten Seiten ist stets der jeweilige Anbieter oder Betreiber der Seiten verantwortlich. Die verlinkten Seiten wurden zum Zeitpunkt der Verlinkung auf m\u00f6gliche Rechtsverst\u00f6\u00dfe \u00fcberpr\u00fcft. Rechtswidrige Inhalte waren zum Zeitpunkt der Verlinkung nicht erkennbar. Eine permanente inhaltliche Kontrolle der verlinkten Seiten ist jedoch ohne konkrete Anhaltspunkte einer Rechtsverletzung nicht zumutbar. Bei Bekanntwerden von Rechtsverletzungen werden wir derartige Links umgehend entfernen.<\/span><\/p>\n<h4 style=\"text-align: justify;\"><span style=\"color: #800080;\">Urheberrecht (Copyright) | Schutzrechtsverletzung<\/span><\/h4>\n<p style=\"text-align: justify;\"><span style=\"color: #800080;\">Die durch die Seitenbetreiber erstellten Inhalte und Werke auf diesen Seiten unterliegen dem deutschen und dem Schweizer Urheberrecht. Die Vervielf\u00e4ltigung, Bearbeitung, Verbreitung und jede Art der Verwertung au\u00dferhalb der Grenzen des Urheberrechtes bed\u00fcrfen der schriftlichen Zustimmung des jeweiligen Autors bzw. Erstellers. Downloads und Kopien dieser Seite sind nur f\u00fcr den privaten, nicht kommerziellen Gebrauch gestattet. Soweit die Inhalte auf dieser Seite nicht vom Betreiber erstellt wurden, werden die Urheberrechte Dritter beachtet. Insbesondere werden Inhalte Dritter als solche gekennzeichnet. Sollten Sie trotzdem auf eine Urheberrechtsverletzung aufmerksam werden, bitten wir um einen entsprechenden Hinweis. Bei Bekanntwerden von Rechtsverletzungen werden wir derartige Inhalte umgehend entfernen.<\/span><\/p>\n<h4 class=\"bodytext\"><span style=\"color: #800080;\">Datenschutzerkl\u00e4rung<\/span><\/h4>\n<p class=\"bodytext\"><span style=\"color: #800080;\">Die Betreiber dieser Seiten nehmen den Schutz Ihrer pers\u00f6nlichen Daten sehr ernst. Wir behandeln Ihre personenbezogenen Daten vertraulich und entsprechend der gesetzlichen Datenschutzvorschriften sowie dieser Datenschutzerkl\u00e4rung.<\/span><\/p>\n<p class=\"bodytext\"><span style=\"color: #800080;\">Die Nutzung unserer Webseite ist in der Regel ohne Angabe personenbezogener Daten m\u00f6glich. Soweit auf unseren Seiten personenbezogene Daten (beispielsweise Name, Anschrift oder E-Mail-Adressen) erhoben werden, erfolgt dies, soweit m\u00f6glich, stets auf freiwilliger Basis. Diese Daten werden ohne Ihre ausdr\u00fcckliche Zustimmung nicht an Dritte weitergegeben.<\/span><\/p>\n<p class=\"bodytext\"><span style=\"color: #800080;\">Wir weisen darauf hin, dass die Daten\u00fcbertragung im Internet (z.B. bei der Kommunikation per E-Mail) Sicherheitsl\u00fccken aufweisen kann. Ein l\u00fcckenloser Schutz der Daten vor dem Zugriff durch Dritte ist nicht m\u00f6glich.<\/span><\/p>\n<p class=\"bodytext\"><span style=\"color: #800080;\"><b>Cookies<\/b><\/span><\/p>\n<p class=\"bodytext\"><span style=\"color: #800080;\">Die Internetseiten verwenden teilweise so genannte Cookies. Cookies richten auf Ihrem Rechner keinen Schaden an und enthalten keine Viren. Cookies dienen dazu, unser Angebot nutzerfreundlicher, effektiver und sicherer zu machen. Cookies sind kleine Textdateien, die auf Ihrem Rechner abgelegt werden und die Ihr Browser speichert.<\/span><\/p>\n<p class=\"bodytext\"><span style=\"color: #800080;\">Die meisten der von uns verwendeten Cookies sind so genannte \u201eSession-Cookies\u201c. Sie werden nach Ende Ihres Besuchs automatisch gel\u00f6scht. Andere Cookies bleiben auf Ihrem Endger\u00e4t gespeichert, bis Sie diese l\u00f6schen. Diese Cookies erm\u00f6glichen es uns, Ihren Browser beim n\u00e4chsten Besuch wiederzuerkennen.<\/span><\/p>\n<p class=\"bodytext\"><span style=\"color: #800080;\">Sie k\u00f6nnen Ihren Browser so einstellen, dass Sie \u00fcber das Setzen von Cookies informiert werden und Cookies nur im Einzelfall erlauben, die Annahme von Cookies f\u00fcr bestimmte F\u00e4lle oder generell ausschlie\u00dfen sowie das automatische L\u00f6schen der Cookies beim Schlie\u00dfen des Browser aktivieren. Bei der Deaktivierung von Cookies kann die Funktionalit\u00e4t dieser Website eingeschr\u00e4nkt sein.<\/span><\/p>\n<p class=\"bodytext\"><span style=\"color: #800080;\"><b>Kontaktformular<\/b><\/span><\/p>\n<p class=\"bodytext\"><span style=\"color: #800080;\">Wenn Sie uns per Kontaktformular Anfragen zukommen lassen, werden Ihre Angaben aus dem Anfrageformular inklusive der von Ihnen dort angegebenen Kontaktdaten zwecks Bearbeitung der Anfrage und f\u00fcr den Fall von Anschlussfragen bei uns gespeichert. Diese Daten geben wir nicht ohne Ihre Einwilligung weiter. <\/span><\/p>\n<p class=\"bodytext\">Es gibt auf dieser Seite zur Zeit kein Kontaktformular.<\/p>\n<p class=\"bodytext\"><span style=\"color: #800080;\"><b>Newsletterdaten<\/b><\/span><\/p>\n<p>Es werden \u00fcber diese Seite keine News-letters versandt.<\/p>\n<p class=\"bodytext\"><span style=\"color: #800080;\"><b>Datenschutzerkl\u00e4rung f\u00fcr die Nutzung von Google Analytics<\/b><\/span><\/p>\n<p class=\"bodytext\"><span style=\"color: #800080;\">Diese Website nutzt Funktionen des Webanalysedienstes Google Analytics. Anbieter ist die Google Inc. 1600 Amphitheatre Parkway Mountain View, CA 94043, USA. Google Analytics verwendet sog. \u201eCookies\u201c. Das sind Textdateien, die auf Ihrem Computer gespeichert werden und die eine Analyse der Benutzung der Website durch Sie erm\u00f6glichen. Die durch den Cookie erzeugten Informationen \u00fcber Ihre Benutzung dieser Website werden in der Regel an einen Server von Google in den USA \u00fcbertragen und dort gespeichert.<\/span><\/p>\n<p class=\"bodytext\"><span style=\"color: #800080;\">Im Falle der Aktivierung der IP-Anonymisierung auf dieser Webseite wird Ihre IP-Adresse von Google jedoch innerhalb von Mitgliedstaaten der Europ\u00e4ischen Union oder in anderen Vertragsstaaten des Abkommens \u00fcber den Europ\u00e4ischen Wirtschaftsraum zuvor gek\u00fcrzt. Nur in Ausnahmef\u00e4llen wird die volle IP-Adresse an einen Server von Google in den USA \u00fcbertragen und dort gek\u00fcrzt. Im Auftrag des Betreibers dieser Website wird Google diese Informationen benutzen, um Ihre Nutzung der Website auszuwerten, um Reports \u00fcber die Websiteaktivit\u00e4ten zusammenzustellen und um weitere mit der Websitenutzung und der Internetnutzung verbundene Dienstleistungen gegen\u00fcber dem Websitebetreiber zu erbringen. Die im Rahmen von Google Analytics von Ihrem Browser \u00fcbermittelte IP-Adresse wird nicht mit anderen Daten von Google zusammengef\u00fchrt.<\/span><\/p>\n<p class=\"bodytext\"><span style=\"color: #800080;\">Sie k\u00f6nnen die Speicherung der Cookies durch eine entsprechende Einstellung Ihrer Browser-Software verhindern; wir weisen Sie jedoch darauf hin, dass Sie in diesem Fall gegebenenfalls nicht s\u00e4mtliche Funktionen dieser Website vollumf\u00e4nglich werden nutzen k\u00f6nnen. Sie k\u00f6nnen dar\u00fcber hinaus die Erfassung der durch das Cookie erzeugten und auf Ihre Nutzung der Website bezogenen Daten (inkl. Ihrer IP-Adresse) an Google sowie die Verarbeitung dieser Daten durch Google verhindern, indem sie das unter dem folgenden Link verf\u00fcgbare Browser-Plugin herunterladen und installieren: <a style=\"color: #800080;\" href=\"http:\/\/tools.google.com\/dlpage\/gaoptout?hl=de\" target=\"_blank\" rel=\"noopener\">http:\/\/tools.google.com\/dlpage\/gaoptout?hl=de<\/a><\/span><\/p>\n<p class=\"bodytext\"><span style=\"color: #800080;\"><b>Datenschutzerkl\u00e4rung f\u00fcr die Nutzung von Facebook-Plugins<br \/>\n(Like-Button), Twitter, Instagram<br \/>\n<\/b><\/span><\/p>\n<p>lussia.ch ist weder auf facebook, Twitter oder Instagram angemeldet<\/p>\n<p class=\"bodytext\"><span style=\"color: #800080;\"><b>Datenschutzerkl\u00e4rung f\u00fcr die Nutzung von YouTube<\/b><\/span><\/p>\n<p class=\"bodytext\"><span style=\"color: #800080;\">Unsere Webseite nutzt Plugins der von Google betriebenen Seite YouTube. Betreiber der Seiten ist die YouTube, LLC, 901 Cherry Ave., San Bruno, CA 94066, USA. Wenn Sie eine unserer mit einem YouTube-Plugin ausgestatteten Seiten besuchen, wird eine Verbindung zu den Servern von YouTube hergestellt. Dabei wird dem Youtube-Server mitgeteilt, welche unserer Seiten Sie besucht haben.<\/span><br \/>\n<span style=\"color: #800080;\">Wenn Sie in Ihrem YouTube-Account eingeloggt sind erm\u00f6glichen Sie YouTube, Ihr Surfverhalten direkt Ihrem pers\u00f6nlichen Profil zuzuordnen. Dies k\u00f6nnen Sie verhindern, indem Sie sich aus Ihrem YouTube-Account ausloggen.<\/span><\/p>\n<p class=\"bodytext\"><span style=\"color: #800080;\">Weitere Informationen zum Umgang von Nutzerdaten finden Sie in der Datenschutzerkl\u00e4rung von YouTube unter <a style=\"color: #800080;\" href=\"https:\/\/www.google.de\/intl\/de\/policies\/privacy\" target=\"_blank\" rel=\"noopener\">https:\/\/www.google.de\/intl\/de\/policies\/privacy<\/a><\/span><\/p>\n<p class=\"bodytext\"><span style=\"color: #800080;\"><b>Auskunft, L\u00f6schung, Sperrung<\/b><\/span><\/p>\n<p class=\"bodytext\"><span style=\"color: #800080;\">Sie haben jederzeit das Recht auf unentgeltliche Auskunft \u00fcber Ihre gespeicherten personenbezogenen Daten, deren Herkunft und Empf\u00e4nger und den Zweck der Datenverarbeitung sowie ein Recht auf Berichtigung, Sperrung oder L\u00f6schung dieser Daten. Hierzu sowie zu weiteren Fragen zum Thema personenbezogene Daten k\u00f6nnen Sie sich jederzeit unter der im Impressum angegebenen Adresse an uns wenden.<\/span><\/p>\n<p class=\"bodytext\"><span style=\"color: #800080;\"><b>Widerspruch Werbe-Mails<\/b><\/span><\/p>\n<p class=\"bodytext\"><span style=\"color: #800080;\">Der Nutzung von im Rahmen der Impressumspflicht ver\u00f6ffentlichten Kontaktdaten zur \u00dcbersendung von nicht ausdr\u00fccklich angeforderter Werbung und Informationsmaterialien wird hiermit widersprochen. Die Betreiber der Seiten behalten sich ausdr\u00fccklich rechtliche Schritte im Falle der unverlangten Zusendung von Werbeinformationen, etwa durch Spam-E-Mails, vor.<\/span><\/p>\n<p class=\"bodytext\"><span style=\"color: #800080;\"><i>Quellverweis: <\/i><a style=\"color: #800080;\" href=\"https:\/\/www.e-recht24.de\" target=\"_blank\" rel=\"noopener\"><i>eRecht24<\/i><\/a><\/span><\/p>\n<h4 style=\"text-align: justify;\"><span style=\"color: #800080;\">Eigene Erkl\u00e4rung<\/span><\/h4>\n<p style=\"text-align: justify;\"><span style=\"color: #800080;\">Die auf allen Seiten unseres Internetauftritts pr\u00e4sentierten Texte dienen ausschlie\u00dflich der pers\u00f6nlichen Information. Ich \u00fcbernehme keinerlei Gew\u00e4hr f\u00fcr die Aktualit\u00e4t, Korrektheit, Vollst\u00e4ndigkeit oder Qualit\u00e4t der bereitgestellten Informationen. Haftungsanspr\u00fcche, welche sich auf Sch\u00e4den materieller oder ideeller Art beziehen, die durch die Nutzung oder Nichtnutzung der dargebotenen Informationen bzw. durch die Nutzung fehlerhafter und unvollst\u00e4ndiger Informationen verursacht wurden, sind grunds\u00e4tzlich ausgeschlossen.<\/span><\/p>\n<div class=\" vc_row vc_row-fluid vc_custom_1470567733219\">\n<div class=\"section-container\">\n<div class=\"vc_col-sm-12 wpb_column vc_column_container \">\n<div class=\"wpb_wrapper\">\n<div class=\"wpb_text_column wpb_content_element \">\n<div class=\"wpb_wrapper\">\n<h4 style=\"text-align: justify;\"><span style=\"color: #800080;\">Hinweis<\/span><\/h4>\n<p style=\"text-align: justify;\"><span style=\"color: #800080;\">Meine Angebote und die auf dieser Webseite m\u00f6glicherweise genannten Methoden und Techniken sind keine Untersuchungen, Diagnosen und Therapien im Sinne des deutschen und schweizerischen Gesetzgebers und ersetzen nicht den Arzt oder den Therapeuten. Ich arbeite pr\u00e4ventiv und\u00a0bewusstheitsf\u00f6rdernd.\u00a0Bei Erkrankungen wenden Sie sich bitte an Ihren Arzt. Mein Fokus sind nicht Erkrankungen, sondern das Aufsuchen und St\u00e4rken von Gesundheit, Psychohygiene, Achtsamkeit und Zufriedenheit.\u00a0Der Klient ist f\u00fcr sein Wohlbefinden und den Heilungsprozess selbst verantwortlich.<\/span><\/p>\n<p style=\"text-align: justify;\"><span style=\"color: #800080;\">Kann ein vereinbarter Termin nicht von Ihnen in Anspruch genommen werden, muss dieser mindestens 24 h zuvor telefonisch abgesagt werden. Ansonsten sind die vollen Sitzungskosten f\u00e4llig.<\/span><\/p>\n<\/div>\n<\/div>\n<\/div>\n<\/div>\n<\/div>\n<\/div>\n","protected":false},"excerpt":{"rendered":"<p>www.lussia.ch ist ein Angebot von Luzia Zaech, Athrum Praxis f\u00fcr Bewusstseinsentwicklung Ich freue mich \u00fcber Ihren Besuch auf meiner Webseite und Ihr Interesse an meinen Angeboten Kontakt | Verantwortlich f\u00fcr den Inhalt Luzia Zaech, Seestr. 72 D, CH-9320 Arbon Tel. <a class=\"more-link\" href=\"https:\/\/lussia.ch\/?page_id=16\">weiterlesen&#8230;<\/a><\/p>\n","protected":false},"author":1,"featured_media":0,"parent":0,"menu_order":40,"comment_status":"closed","ping_status":"closed","template":"","meta":[],"_links":{"self":[{"href":"https:\/\/lussia.ch\/index.php?rest_route=\/wp\/v2\/pages\/16"}],"collection":[{"href":"https:\/\/lussia.ch\/index.php?rest_route=\/wp\/v2\/pages"}],"about":[{"href":"https:\/\/lussia.ch\/index.php?rest_route=\/wp\/v2\/types\/page"}],"author":[{"embeddable":true,"href":"https:\/\/lussia.ch\/index.php?rest_route=\/wp\/v2\/users\/1"}],"replies":[{"embeddable":true,"href":"https:\/\/lussia.ch\/index.php?rest_route=%2Fwp%2Fv2%2Fcomments&post=16"}],"version-history":[{"count":14,"href":"https:\/\/lussia.ch\/index.php?rest_route=\/wp\/v2\/pages\/16\/revisions"}],"predecessor-version":[{"id":357,"href":"https:\/\/lussia.ch\/index.php?rest_route=\/wp\/v2\/pages\/16\/revisions\/357"}],"wp:attachment":[{"href":"https:\/\/lussia.ch\/index.php?rest_route=%2Fwp%2Fv2%2Fmedia&parent=16"}],"curies":[{"name":"wp","href":"https:\/\/api.w.org\/{rel}","templated":true}]}}