{"id":14,"date":"2016-11-08T14:53:53","date_gmt":"2016-11-08T14:53:53","guid":{"rendered":"http:\/\/lussia.ch\/?page_id=14"},"modified":"2019-10-24T09:25:54","modified_gmt":"2019-10-24T09:25:54","slug":"portrait","status":"publish","type":"page","link":"https:\/\/lussia.ch\/?page_id=14","title":{"rendered":"Portrait"},"content":{"rendered":"<div class=\"entry-content clearfix\">\n<p><span style=\"color: #800080;\">Luzia Zaech ist wohnhaft in Arbon. Nach ihrer Ausbildung zur Kauffrau, einigen Praxisjahren und Auslandaufenthalten war sie Familienfrau und bildete sich in dieser Zeit weiter in den Schwerpunkten Fussreflexzonen-Massage und&nbsp;Hawaiian-Healingmassage. <\/span><\/p>\n<p><span style=\"color: #800080;\">Bei Dr. Peter Orban erfolgte eine Therapeuten-Ausbildung nach dem Modell der \u201einneren Personen\u201c. Dieses Wissen brachte sie w\u00e4hrend 10 Jahren in ihrer eigenen Praxis \u201eAthrum\u201c ein.<\/span><\/p>\n<p><span style=\"color: #800080;\">Sie absolvierte eine Ausbildung zur Lernberaterin f\u00fcr Kinder mit Schulschwierigkeiten, sowie f\u00fcr die F\u00f6rderung von Jugendlichen&nbsp;und Erwachsenen in deren Verst\u00e4ndnis- und Lesef\u00e4higkeit der deutschen Sprache.<\/span><\/p>\n<p><span style=\"color: #800080;\">Bei Werner Kosmus in Graz lernte sie w\u00e4hrend einiger Jahre in einer schmanisch ausgerichteten Gruppe und erfuhr dort viel \u00fcber Wahrnhemung, Rituale, Kraftwesen und Heilreisen in die nicht-allt\u00e4gliche Ebene.<br \/>\n<\/span><\/p>\n<p><span style=\"color: #800080;\">Mit ihrem langj\u00e4hrigen Weggef\u00e4hrten Akron sel., Schriftsteller und Philosoph, entwickelte sie in Assistenz ein Orakel-Spiel, das \u201eAkronacle, die 3-dimensionale Lebensb\u00fchne\u201c. Als Life-Coach begleitet sie Menschen auf ihrem individuellen Weg der Bewusstwerdung, gibt Seminare in Selbsterkenntnis, bejahender Lebensf\u00fchrung und in der Arbeit mit dem Akronacle.<\/span><\/p>\n<p style=\"text-align: center;\"><span style=\"color: #800080;\">Luzia Zaech<\/span><\/p>\n<p style=\"text-align: center;\"><span style=\"color: #800080;\">Seestr. 72 d<\/span><\/p>\n<p style=\"text-align: center;\"><span style=\"color: #800080;\">CH-9320 Arbon<\/span><\/p>\n<p><span style=\"color: #800080;\">Kontakt:<\/span> <a href=\"http:\/\/guidoknaus.ch\/kurs33\/lussiazaech@bluwin.ch\">lussiazaech@bluewin.ch<\/a><\/p>\n<\/div>\n","protected":false},"excerpt":{"rendered":"<p>Luzia Zaech ist wohnhaft in Arbon. Nach ihrer Ausbildung zur Kauffrau, einigen Praxisjahren und Auslandaufenthalten war sie Familienfrau und bildete sich in dieser Zeit weiter in den Schwerpunkten Fussreflexzonen-Massage und&nbsp;Hawaiian-Healingmassage. Bei Dr. Peter Orban erfolgte eine Therapeuten-Ausbildung nach dem Modell <a class=\"more-link\" href=\"https:\/\/lussia.ch\/?page_id=14\">weiterlesen&#8230;<\/a><\/p>\n","protected":false},"author":1,"featured_media":404,"parent":0,"menu_order":35,"comment_status":"closed","ping_status":"closed","template":"","meta":[],"_links":{"self":[{"href":"https:\/\/lussia.ch\/index.php?rest_route=\/wp\/v2\/pages\/14"}],"collection":[{"href":"https:\/\/lussia.ch\/index.php?rest_route=\/wp\/v2\/pages"}],"about":[{"href":"https:\/\/lussia.ch\/index.php?rest_route=\/wp\/v2\/types\/page"}],"author":[{"embeddable":true,"href":"https:\/\/lussia.ch\/index.php?rest_route=\/wp\/v2\/users\/1"}],"replies":[{"embeddable":true,"href":"https:\/\/lussia.ch\/index.php?rest_route=%2Fwp%2Fv2%2Fcomments&post=14"}],"version-history":[{"count":11,"href":"https:\/\/lussia.ch\/index.php?rest_route=\/wp\/v2\/pages\/14\/revisions"}],"predecessor-version":[{"id":409,"href":"https:\/\/lussia.ch\/index.php?rest_route=\/wp\/v2\/pages\/14\/revisions\/409"}],"wp:featuredmedia":[{"embeddable":true,"href":"https:\/\/lussia.ch\/index.php?rest_route=\/wp\/v2\/media\/404"}],"wp:attachment":[{"href":"https:\/\/lussia.ch\/index.php?rest_route=%2Fwp%2Fv2%2Fmedia&parent=14"}],"curies":[{"name":"wp","href":"https:\/\/api.w.org\/{rel}","templated":true}]}}