{"id":10,"date":"2016-11-08T14:52:19","date_gmt":"2016-11-08T13:52:19","guid":{"rendered":"http:\/\/lussia.ch\/?page_id=10"},"modified":"2021-02-07T14:37:22","modified_gmt":"2021-02-07T13:37:22","slug":"akronacle","status":"publish","type":"page","link":"https:\/\/lussia.ch\/?page_id=10","title":{"rendered":"Akronacle"},"content":{"rendered":"<p><span style=\"color: #800080;\"><em><strong>Werde dein eigener Ratgeber auf der B\u00fchne des Lebens und kl\u00e4re deine Fragen im Umgang mit deinen Mitmenschen, mit deinen W\u00fcnschen und Zielen.<\/strong><\/em><\/span><\/p>\n<p><img loading=\"lazy\" class=\"alignnone size-medium wp-image-208\" src=\"http:\/\/lussia.ch\/wp-content\/uploads\/2016\/12\/cropped-B\u00f6ckli-mit-Hand-f\u00fcr-email-e1483118807381-300x100.jpg\" alt=\"\" width=\"300\" height=\"100\" srcset=\"https:\/\/lussia.ch\/wp-content\/uploads\/2016\/12\/cropped-B\u00f6ckli-mit-Hand-f\u00fcr-email-e1483118807381-300x100.jpg 300w, https:\/\/lussia.ch\/wp-content\/uploads\/2016\/12\/cropped-B\u00f6ckli-mit-Hand-f\u00fcr-email-e1483118807381.jpg 433w\" sizes=\"(max-width: 300px) 100vw, 300px\" \/><\/p>\n<p><span style=\"color: #800080;\">Dieses auf das intuitive Empfinden eines jeden Menschen ausgerichtete System wurde durch jahrelanges Forschen innerhalb der Zusammenh\u00e4nge zwischen Geist und Seele, Vergangenheit und Gegenwart bzw. Vorstellung und Realit\u00e4t entwickelt. Durch die psychologische Spannbreite und das tiefe Eindringen in die unbewussten Tiefen der Psyche ist die Aussagekraft dieses Orakels in jeder Hinsicht verbl\u00fcffend.<\/span><\/p>\n<p><span style=\"color: #800080;\">Auf der Basis jahrelanger spiritueller und psychologischer Begleitung von Menschen aller Altersgruppen wurde ein Spiel entwickelt, das dir sofort materielle, spirituelle, emotionale und famili\u00e4re Fragen beantwortet, wie beispielsweise:<\/span><\/p>\n<ul>\n<li><span style=\"color: #800080;\">Wie soll ich mich entscheiden?<\/span><\/li>\n<li><span style=\"color: #800080;\">Wie empfindet mich der andere?<\/span><\/li>\n<li><span style=\"color: #800080;\">Wie interagieren wir zusammen?<\/span><\/li>\n<li><span style=\"color: #800080;\">Was sind unsere materiellen oder spirituellen Ziele?<\/span><\/li>\n<li><span style=\"color: #800080;\">Was ist der tiefere Sinn der Begegnung mit meinem Partner?<\/span><\/li>\n<li><span style=\"color: #800080;\">Was k\u00f6nnen wir \u00fcber famili\u00e4re Strukturen, bzw. karmische Bindungen erfahren?<\/span><\/li>\n<li><span style=\"color: #800080;\">Was passiert, wenn ich diese Arbeitsstelle, diesen Mitarbeiter annehme?<\/span><\/li>\n<li><span style=\"color: #800080;\">Was passiert, wenn ich dieses Haus kaufe, umziehe, verkaufe?<\/span><\/li>\n<\/ul>\n<p><span style=\"color: #800080;\"><strong>Das Akronacle kann allein oder zu zweit gespielt werden. Es ist ein Instrument, um \u00fcber unsere t\u00e4glichen Interaktionen zu reflektieren. Das Akronacle dient zum besseren Verst\u00e4ndnis der Mitmenschen untereinander und als Kommunikationsgrundlage mit seinen klaren Aussagen und L\u00f6sungsvorschl\u00e4gen in allen Lebensbereichen. Du kannst im weiteren auch erfahren, in welchen Lebensbereichen Unterst\u00fctzungen, Blockaden, Aengste, Manipulationsversuche oder gegenseitige Machthemen im \u201eSpiel\u201c sind.<\/strong><\/span><\/p>\n<p><span style=\"color: #800080;\"><div class=\"ead-preview\"><div class=\"ead-document\" style=\"position: relative;padding-top: 90%;\"><iframe src=\"\/\/view.officeapps.live.com\/op\/embed.aspx?src=http%3A%2F%2Flussia.ch%2Fwp-content%2Fuploads%2F2016%2F12%2FAkronacle-Pr%C3%A4sentation-2016.pptx\" title=\"Eingebettetes Dokument\" class=\"ead-iframe\" style=\"width: 100%;height: 100%;border: none;position: absolute;left: 0;top: 0;\"><\/iframe><\/div><p class=\"embed_download\"><a href=\"http:\/\/lussia.ch\/wp-content\/uploads\/2016\/12\/Akronacle-Pr\u00e4sentation-2016.pptx\" download >Download [3.80 MB] <\/a><\/p><\/div><\/span><\/p>\n<p><span style=\"color: #800080;\">Das Akronacle wird nur zusammen mit einem Work-Shop oder einer pers\u00f6nlichen Einf\u00fchrung ins Spiel abgegeben. Es eignet sich hervorragend f\u00fcr Therapeuten, Lehrer, Unternehmer und f\u00fcr all diejenigen Menschen, die offen sind f\u00fcr komplexere Antworten auf ihre Fragen, auch wenn diese vielleicht unangenehm wahrgenommen werden k\u00f6nnten.<\/span><\/p>\n<p><span style=\"color: #800080;\">Preis: E 150,00, es wird nur zusammen mit dem Besuch eines Work-Shops oder einer pers\u00f6nlichen Einf\u00fchrung abgegeben.<\/span><\/p>\n<p><span style=\"color: #800080;\">Bestellung und weitere Informationen zu Work-Shops und Vortr\u00e4gen \u00fcber das Akronacle:<\/span><\/p>\n<p><span style=\"color: #800080;\"><a style=\"color: #800080;\" href=\"mailto:lussiazaech@bluewin.ch\">Lussia<\/a><\/span><\/p>\n<p><a href=\"http:\/\/www.akron.ch\/\" target=\"_blank\" rel=\"noopener noreferrer\">akron.ch<\/a><\/p>\n<p>&nbsp;<\/p>\n","protected":false},"excerpt":{"rendered":"<p>Werde dein eigener Ratgeber auf der B\u00fchne des Lebens und kl\u00e4re deine Fragen im Umgang mit deinen Mitmenschen, mit deinen W\u00fcnschen und Zielen. Dieses auf das intuitive Empfinden eines jeden Menschen ausgerichtete System wurde durch jahrelanges Forschen innerhalb der Zusammenh\u00e4nge <a class=\"more-link\" href=\"https:\/\/lussia.ch\/?page_id=10\">weiterlesen&#8230;<\/a><\/p>\n","protected":false},"author":1,"featured_media":343,"parent":0,"menu_order":3,"comment_status":"closed","ping_status":"closed","template":"","meta":[],"_links":{"self":[{"href":"https:\/\/lussia.ch\/index.php?rest_route=\/wp\/v2\/pages\/10"}],"collection":[{"href":"https:\/\/lussia.ch\/index.php?rest_route=\/wp\/v2\/pages"}],"about":[{"href":"https:\/\/lussia.ch\/index.php?rest_route=\/wp\/v2\/types\/page"}],"author":[{"embeddable":true,"href":"https:\/\/lussia.ch\/index.php?rest_route=\/wp\/v2\/users\/1"}],"replies":[{"embeddable":true,"href":"https:\/\/lussia.ch\/index.php?rest_route=%2Fwp%2Fv2%2Fcomments&post=10"}],"version-history":[{"count":20,"href":"https:\/\/lussia.ch\/index.php?rest_route=\/wp\/v2\/pages\/10\/revisions"}],"predecessor-version":[{"id":336,"href":"https:\/\/lussia.ch\/index.php?rest_route=\/wp\/v2\/pages\/10\/revisions\/336"}],"wp:featuredmedia":[{"embeddable":true,"href":"https:\/\/lussia.ch\/index.php?rest_route=\/wp\/v2\/media\/343"}],"wp:attachment":[{"href":"https:\/\/lussia.ch\/index.php?rest_route=%2Fwp%2Fv2%2Fmedia&parent=10"}],"curies":[{"name":"wp","href":"https:\/\/api.w.org\/{rel}","templated":true}]}}